{"id":6000,"date":"2019-12-27T08:38:52","date_gmt":"2019-12-27T07:38:52","guid":{"rendered":"https:\/\/www.eoliehouses.it\/storia-delle-isole-eolie\/vulcano\/"},"modified":"2020-03-23T19:28:30","modified_gmt":"2020-03-23T18:28:30","slug":"vulcano","status":"publish","type":"page","link":"https:\/\/www.eoliehouses.it\/en\/history-of-the-aeolian-islands\/vulcano\/","title":{"rendered":"Vulcano Island"},"content":{"rendered":"<p><span class=\"Stile5\">Virgilio, Eneide: &#8220;Giace tra la Sicania da l\u2019un canto e Lipari da l\u2019altro, un\u2019isoletta ch\u2019alpestra ed alta esce de l\u2019onde, e fuma&#8221;.<\/span><br \/>\nVulcano, kmq 21, \u00e8 l\u2019isola delle Eolie pi\u00f9 vicina alla costa della Sicilia, da cui dista solo 12 miglia, ed \u00e8 separata da Lipari da un canale di circa km 1,5: in prossimit\u00e0 del porto stupisce la bellezza dei luoghi e colpisce l\u2019acre odore di zolfo che impregna l\u2019aria. Il fenomeno, a cui ci si abitua presto, \u00e8 dovuto alle fumarole, esalazioni ad alta temperatura di vapore acqueo, zolfo e anitride carbonica che si sprigionano dal cratere o da fessure del terreno e che ci rammentano che il vulcano \u00e8 sempre attivo.<\/p>\n<h2>Il nome<\/h2>\n<p>Le Isole Eolie furono chiamate anche Vulcaniae dal dio Vulcano (il greco Efesto) la cui fucina si credeva fosse sotto l\u2019attuale Gran Cratere ancora oggi attivo: Vulcano \u00e8 un\u2019isola molto interessante per i suoi fenomeni vulcanici e post vulcanici.<br \/>\nL\u2019isola deve il suo nome all\u2019imponente attivit\u00e0 vulcanica che ha sviluppato nei millenni: gli antichi la chiamarono Terasia (terra calda), poi Thermessa (calda), poi la consacrarono al dio Efesto credendo che li vi si trovasse la fucina degli dei e la chiamarono Isola Sacra (Iera in greco, Hier\u00e0 in latino).<\/p>\n<h2>Cenni Geologici<\/h2>\n<p>A Vulcano si trova l\u2019altipiano pi\u00f9 vasto delle Isole Eolie, formato da lave, banchi di tufi, depositi quaternari e solcato da profondi valloni. L\u2019altipiano di Vulcano \u00e8 cinto da colline ondulate e nude che digradano verso il mare, e dalla cui cima si ammirano pittoreschi paesaggi.<br \/>\nNell\u2019isola di Vulcano si distinguono tre unit\u00e0 morfologiche: la prima , a Sud, \u00e8 costituita dalla grande depressione di Vulcano Piano (mt 330) e da numerosi strato-vulcani (Monte Aria mt 500, Monte Luccia mt 188, Monte Saraceno mt 481). La seconda, al centro, \u00e8 la Caldera di Vulcano la cui parte centrale costituisce il cratere di Vulcano Fossa: Fossa I e a mt 400 Fossa II , l\u2019attuale cratere, con un diametri di circa mt 500e una profondit\u00e0 di mt 200. La terza unit\u00e0 \u00e8 costituita da Vulcanello (mt 123) con i suoi tre crateri: la penisoletta di Vulcanello \u00e8 collegata all\u2019isola di Vulcano da un sottile istmo di circa 1 mt di altezza.<br \/>\nIl cratere della Fossa ha dato luogo ad eruzioni storicamente conosciute, caratterizzate da attivit\u00e0 prevalentemente esplosiva e da numerose colate di lava. Dell\u2019intensit\u00e0 dell\u2019attivit\u00e0 eruttiva di Vulcano si hanno le prime notizie da Tucidite nel V sec. a.C.: l\u2019ultima fase eruttiva ebbe inizio il 3 agosto 1888 r cess\u00f2 il 22 marzo 1890 e fu caratterizzata dall\u2019emissione di materiale antico e coevo di grandi dimensioni e lancio di proiettili che vennero denominati \u201cbombe a crosta di pane\u201d. Da tale epoca, il cratere di Vulcano \u00e8 rimasto in fase fumarolica. Presso i faraglioni del Porto di Levante si riscontra un\u2019altra zona fumarolica, tra gli avanzi a di un antico edificio vulcanico, caratterizzata da emissioni di gas, dal gorgoglio dell\u2019acqua, da colorate efflorescenze e da una sorgente termale di alto potere terapeutico.<br \/>\nLe acque e i fanghi di Vulcano sono efficaci nelle affezioni delle articolazioni, nelle nevralgie e nevriti, nelle affezioni vasali, nelle flebiti e ulcere varicose, nelle malattie dell\u2019apparato genitale femminile e nelle affezioni dermatologiche.<\/p>\n<h2>Il Vulcano<\/h2>\n<p>Il visitatore che approda al porto di Vulcano non pu\u00f2 non notare lo stretto contatto fisico e spirituale tra la presenza dle cratere e il centro abitato: le attivit\u00e0 e la stessa vita degli isolani dipendono da quel cono vulcanico cos\u00ec vicino ma anche cos\u00ec quieto da oltre un secolo. L\u2019escursione al cratere \u00e8 una passeggiata da non perdere. E\u2019 difficile immaginare ci\u00f2 che si prova nel trovarsi su uno stretto sentiero che da un lato mostra gli ampi e tranquilli orizzonti del mare e delle isole e dall\u2019altro il cuore di una montagna viva che emette fumi, calore e sibili e che costruisce strutture variopinte di zolfo. La consapevolezza che dal fondo del cratere, dove si trova il \u201ctappo\u201d si siano scatenate nel passato le forze di una natura in grado di cambiare le forme del paesaggio, invita al rispetto e al timore per questo luogo palpitante di vita.<\/p>\n<h2>Gli abitanti<\/h2>\n<p>Sull\u2019isola di Vulcano abitavano solo i forzati e gli schiavi, costretti all\u2019estrazione di allume e zolfo, in uno scenario da girone dantesco, con emissione sulfuree che toglievano il respiro ed eruzioni periodiche. Lo sfruttamento minerario continu\u00f2 per secoli fino a divenire una vera e propria industria sotto i Borboni, che all\u2019inizio del secolo scorso, grazie al generale Nunziante, costruirono strade, case e fabbriche. Caduti i Borboni, a met\u00e0 dell\u2019800 l\u2019isola di Vulcano fu acquistata dall\u2019inglese Stevenson, che continu\u00f2 l\u2019opera dei predecessori ingrandendo la miniera e piantando i primi vigneti al Piano: la sua villa \u00e8 il Castello che si trova accanto ai fanghi. L\u2019ultima eruzione del 1888 fece fuggire Stevenson atterrito: i pochi abitanti rimasti, forse suoi coloni, si diedero all\u2019agricoltura e alla pastorizia nella zona verde pianeggiante del Piano o alla pesca nel piccolo borgo di Gelso.<\/p>\n<h2>Il film<\/h2>\n<p>Decenni di silenzio in un\u2019isola bella e disabitata fino a quando nel 1949 il regista Dieterle gir\u00f2 a Vulcano l\u2019omonimo film interpretato da Anna Magnani e l\u2019interesse per l\u2019isola si risvegli\u00f2. L\u2019isola di Vulcano \u00e8 oggi meta del turismo internazionale attirato dal cratere, dai fanghi terapeutici e dalle bellezze del suo mare e della sua terra.<\/p>\n<h2>Da fare e vedere a Vulcano<\/h2>\n<p>\u2022 Escursione a Vulcanello, a Capo Grillo, al Gran Cratere (386 mt) , al Piano fino alla Spiaggia di Gelso, al Vallone della Roia<br \/>\n\u2022 Periplo dell\u2019isola in barca con sosta alla Grotta del Cavallo, alle Piscine di Venere, alla spiaggia di Gelso<br \/>\n\u2022 Visite alle grotte dell\u2019allume e a tutta la zona della baia di levante interessata dalla manifestazioni vulcaniche con le fumarole, i fanghi termali e le acque calde<br \/>\n\u2022 Bagno alle Sabbie Nere e al laghetto dei fanghi<\/p>\n","protected":false},"excerpt":{"rendered":"<p>Virgilio, Eneide: &#8220;Giace tra la Sicania da l\u2019un canto e Lipari da l\u2019altro, un\u2019isoletta ch\u2019alpestra ed alta esce de l\u2019onde, e fuma&#8221;. Vulcano, kmq 21, \u00e8 l\u2019isola delle Eolie pi\u00f9 vicina alla costa della Sicilia, da cui dista solo 12 miglia, ed \u00e8 separata da Lipari da un canale di circa km 1,5: in prossimit\u00e0 [&hellip;]<\/p>\n","protected":false},"author":1,"featured_media":0,"parent":5975,"menu_order":0,"comment_status":"closed","ping_status":"closed","template":"info_template.php","meta":{"_joinchat":[],"footnotes":""},"class_list":["post-6000","page","type-page","status-publish","hentry"],"yoast_head":"<!-- This site is optimized with the Yoast SEO plugin v25.8 - https:\/\/yoast.com\/wordpress\/plugins\/seo\/ -->\n<title>Information on the island of Vulcano _ history and geology- cuisine and cinema.<\/title>\n<meta name=\"description\" content=\"Information on the island of Vulcano, its geological formation the craters and the nature of the volcano, the traditions of the people, the cinema and thermal tourism\" \/>\n<meta name=\"robots\" content=\"index, follow, max-snippet:-1, max-image-preview:large, max-video-preview:-1\" \/>\n<link rel=\"canonical\" href=\"https:\/\/www.eoliehouses.it\/en\/history-of-the-aeolian-islands\/vulcano\/\" \/>\n<meta property=\"og:locale\" content=\"en_US\" \/>\n<meta property=\"og:type\" content=\"article\" \/>\n<meta property=\"og:title\" content=\"Information on the island of Vulcano _ history and geology- cuisine and cinema.\" \/>\n<meta property=\"og:description\" content=\"Information on the island of Vulcano, its geological formation the craters and the nature of the volcano, the traditions of the people, the cinema and thermal tourism\" \/>\n<meta property=\"og:url\" content=\"https:\/\/www.eoliehouses.it\/en\/history-of-the-aeolian-islands\/vulcano\/\" \/>\n<meta property=\"og:site_name\" content=\"Case vacanze ~ appartamenti in affitto e immobili in vendita alle Isole Eolie e in Sicilia\" \/>\n<meta property=\"article:modified_time\" content=\"2020-03-23T18:28:30+00:00\" \/>\n<meta name=\"twitter:card\" content=\"summary_large_image\" \/>\n<meta name=\"twitter:label1\" content=\"Est. reading time\" \/>\n\t<meta name=\"twitter:data1\" content=\"5 minutes\" \/>\n<script type=\"application\/ld+json\" class=\"yoast-schema-graph\">{\"@context\":\"https:\/\/schema.org\",\"@graph\":[{\"@type\":\"WebPage\",\"@id\":\"https:\/\/www.eoliehouses.it\/en\/history-of-the-aeolian-islands\/vulcano\/\",\"url\":\"https:\/\/www.eoliehouses.it\/en\/history-of-the-aeolian-islands\/vulcano\/\",\"name\":\"Information on the island of Vulcano _ history and geology- cuisine and cinema.\",\"isPartOf\":{\"@id\":\"https:\/\/www.eoliehouses.it\/en\/#website\"},\"datePublished\":\"2019-12-27T07:38:52+00:00\",\"dateModified\":\"2020-03-23T18:28:30+00:00\",\"description\":\"Information on the island of Vulcano, its geological formation the craters and the nature of the volcano, the traditions of the people, the cinema and thermal tourism\",\"breadcrumb\":{\"@id\":\"https:\/\/www.eoliehouses.it\/en\/history-of-the-aeolian-islands\/vulcano\/#breadcrumb\"},\"inLanguage\":\"en-US\",\"potentialAction\":[{\"@type\":\"ReadAction\",\"target\":[\"https:\/\/www.eoliehouses.it\/en\/history-of-the-aeolian-islands\/vulcano\/\"]}]},{\"@type\":\"BreadcrumbList\",\"@id\":\"https:\/\/www.eoliehouses.it\/en\/history-of-the-aeolian-islands\/vulcano\/#breadcrumb\",\"itemListElement\":[{\"@type\":\"ListItem\",\"position\":1,\"name\":\"Home\",\"item\":\"https:\/\/www.eoliehouses.it\/en\/\"},{\"@type\":\"ListItem\",\"position\":2,\"name\":\"History of the Aeolian Islands\",\"item\":\"https:\/\/www.eoliehouses.it\/en\/history-of-the-aeolian-islands\/\"},{\"@type\":\"ListItem\",\"position\":3,\"name\":\"Vulcano Island\"}]},{\"@type\":\"WebSite\",\"@id\":\"https:\/\/www.eoliehouses.it\/en\/#website\",\"url\":\"https:\/\/www.eoliehouses.it\/en\/\",\"name\":\"Case vacanze ~ appartamenti in affitto e immobili in vendita alle Isole Eolie e in Sicilia\",\"description\":\"Un nuovo sito targato WordPress\",\"potentialAction\":[{\"@type\":\"SearchAction\",\"target\":{\"@type\":\"EntryPoint\",\"urlTemplate\":\"https:\/\/www.eoliehouses.it\/en\/?s={search_term_string}\"},\"query-input\":{\"@type\":\"PropertyValueSpecification\",\"valueRequired\":true,\"valueName\":\"search_term_string\"}}],\"inLanguage\":\"en-US\"}]}<\/script>\n<!-- \/ Yoast SEO plugin. -->","yoast_head_json":{"title":"Information on the island of Vulcano _ history and geology- cuisine and cinema.","description":"Information on the island of Vulcano, its geological formation the craters and the nature of the volcano, the traditions of the people, the cinema and thermal tourism","robots":{"index":"index","follow":"follow","max-snippet":"max-snippet:-1","max-image-preview":"max-image-preview:large","max-video-preview":"max-video-preview:-1"},"canonical":"https:\/\/www.eoliehouses.it\/en\/history-of-the-aeolian-islands\/vulcano\/","og_locale":"en_US","og_type":"article","og_title":"Information on the island of Vulcano _ history and geology- cuisine and cinema.","og_description":"Information on the island of Vulcano, its geological formation the craters and the nature of the volcano, the traditions of the people, the cinema and thermal tourism","og_url":"https:\/\/www.eoliehouses.it\/en\/history-of-the-aeolian-islands\/vulcano\/","og_site_name":"Case vacanze ~ appartamenti in affitto e immobili in vendita alle Isole Eolie e in Sicilia","article_modified_time":"2020-03-23T18:28:30+00:00","twitter_card":"summary_large_image","twitter_misc":{"Est. reading time":"5 minutes"},"schema":{"@context":"https:\/\/schema.org","@graph":[{"@type":"WebPage","@id":"https:\/\/www.eoliehouses.it\/en\/history-of-the-aeolian-islands\/vulcano\/","url":"https:\/\/www.eoliehouses.it\/en\/history-of-the-aeolian-islands\/vulcano\/","name":"Information on the island of Vulcano _ history and geology- cuisine and cinema.","isPartOf":{"@id":"https:\/\/www.eoliehouses.it\/en\/#website"},"datePublished":"2019-12-27T07:38:52+00:00","dateModified":"2020-03-23T18:28:30+00:00","description":"Information on the island of Vulcano, its geological formation the craters and the nature of the volcano, the traditions of the people, the cinema and thermal tourism","breadcrumb":{"@id":"https:\/\/www.eoliehouses.it\/en\/history-of-the-aeolian-islands\/vulcano\/#breadcrumb"},"inLanguage":"en-US","potentialAction":[{"@type":"ReadAction","target":["https:\/\/www.eoliehouses.it\/en\/history-of-the-aeolian-islands\/vulcano\/"]}]},{"@type":"BreadcrumbList","@id":"https:\/\/www.eoliehouses.it\/en\/history-of-the-aeolian-islands\/vulcano\/#breadcrumb","itemListElement":[{"@type":"ListItem","position":1,"name":"Home","item":"https:\/\/www.eoliehouses.it\/en\/"},{"@type":"ListItem","position":2,"name":"History of the Aeolian Islands","item":"https:\/\/www.eoliehouses.it\/en\/history-of-the-aeolian-islands\/"},{"@type":"ListItem","position":3,"name":"Vulcano Island"}]},{"@type":"WebSite","@id":"https:\/\/www.eoliehouses.it\/en\/#website","url":"https:\/\/www.eoliehouses.it\/en\/","name":"Case vacanze ~ appartamenti in affitto e immobili in vendita alle Isole Eolie e in Sicilia","description":"Un nuovo sito targato WordPress","potentialAction":[{"@type":"SearchAction","target":{"@type":"EntryPoint","urlTemplate":"https:\/\/www.eoliehouses.it\/en\/?s={search_term_string}"},"query-input":{"@type":"PropertyValueSpecification","valueRequired":true,"valueName":"search_term_string"}}],"inLanguage":"en-US"}]}},"_links":{"self":[{"href":"https:\/\/www.eoliehouses.it\/en\/wp-json\/wp\/v2\/pages\/6000","targetHints":{"allow":["GET"]}}],"collection":[{"href":"https:\/\/www.eoliehouses.it\/en\/wp-json\/wp\/v2\/pages"}],"about":[{"href":"https:\/\/www.eoliehouses.it\/en\/wp-json\/wp\/v2\/types\/page"}],"author":[{"embeddable":true,"href":"https:\/\/www.eoliehouses.it\/en\/wp-json\/wp\/v2\/users\/1"}],"replies":[{"embeddable":true,"href":"https:\/\/www.eoliehouses.it\/en\/wp-json\/wp\/v2\/comments?post=6000"}],"version-history":[{"count":2,"href":"https:\/\/www.eoliehouses.it\/en\/wp-json\/wp\/v2\/pages\/6000\/revisions"}],"predecessor-version":[{"id":8467,"href":"https:\/\/www.eoliehouses.it\/en\/wp-json\/wp\/v2\/pages\/6000\/revisions\/8467"}],"up":[{"embeddable":true,"href":"https:\/\/www.eoliehouses.it\/en\/wp-json\/wp\/v2\/pages\/5975"}],"wp:attachment":[{"href":"https:\/\/www.eoliehouses.it\/en\/wp-json\/wp\/v2\/media?parent=6000"}],"curies":[{"name":"wp","href":"https:\/\/api.w.org\/{rel}","templated":true}]}}