{"id":5999,"date":"2019-12-27T08:39:21","date_gmt":"2019-12-27T07:39:21","guid":{"rendered":"https:\/\/www.eoliehouses.it\/storia-delle-isole-eolie\/alicudi\/"},"modified":"2020-03-23T18:31:16","modified_gmt":"2020-03-23T17:31:16","slug":"alicudi","status":"publish","type":"page","link":"https:\/\/www.eoliehouses.it\/en\/history-of-the-aeolian-islands\/alicudi\/","title":{"rendered":"Alicudi Island"},"content":{"rendered":"<p>Alicudi, superficie km 5,2, \u00e8 l&#8217;antica Ericusa, nome dovuto alle boscaglie di eriche di cui \u00e8 ammantata ancora oggi buona parte dell&#8217;isola.<\/p>\n<h2>Cenni fisici<\/h2>\n<p>L&#8217;isola di Alicudi \u00e8 costituita da un vulcano a strato complesso, coperto nella parte sud occidentale da alcuni vulcanelli con cupole di ristagno.<br \/>\nAlicudi ha forma subconica culminante col Filo dell&#8217;Arpa o Timpone della Montagnola (mt 662). Il pendio occidentale dell&#8217;isola \u00e8 ripido e disabitato, quello orientale \u00e8 costituito da piani e disseminato di case.<br \/>\nCaratteristici il Serro della Farcona, cinto da alti precipizi, e il Timpone delle Femmine, ubicato in posizione impervia, difficilmente raggiungibile, dove si rifugiavano le donne e i bambini durante le scorrerie saracene.<br \/>\nCircumnavigando l&#8217;isola si ammirano pendici terrazzate coperte da cespugli e fichi d&#8217;India, alte coste con stratificazioni di rocce nere e rossastre, anguste forre, valloni di detriti lavici sgretolati dette Sciare, e solenni precipizi che conferiscono al paesaggio un&#8217;impronta di maestosit\u00e0 indimenticabile.<\/p>\n<h2>La gente<\/h2>\n<p>Alicudi \u00e8 l&#8217;isola pi\u00f9 occidentale delle Eolie, la prima che si incontra venendo da Palermo. Per questo, anche se aspra e isolata e nonostante la totale mancanza di insenature e ripari per ormeggiare, \u00e8 stata un punto di riferimento per i navigatori dell&#8217;antichit\u00e0.<br \/>\nUn abitato delle fasi iniziali della cultura di Capo Graziano (et\u00e0 del bronzo, XVII-XVI sec. a.C.) doveva estendersi vicino al porto, dove anche si trovano sparsi frammenti ceramici di et\u00e0 romana.<br \/>\nCome le altre Isole Eolie, anche Alicudi ha subito secoli di incursioni piratesche con razzie sia di quel poco che gli abitanti avevano sia delle stesse persone vendute come schiavi. Il terrore di queste scorrerie port\u00f2 gli abitanti alla fuga e rese l&#8217;isola quasi disabitata per tutto il Medioevo fino al 1600.<br \/>\nSuccessivamente, il ripopolamento ha portato nell&#8217;isola un numero esiguo di patronimici e furono normali matrimoni tra parenti. Da ci\u00f2 il ricorso alle &#8220;ingiurie&#8221;, soprannomi che permettono l&#8217;identificazione delle singole famiglie nella moltitudine di Taranto, Russo, Virgona e pochi altri cognomi: i &#8220;cavaddi&#8221;, i &#8220;mustazzoni&#8221;, i &#8220;iatti&#8221;, i &#8220;friscaleddu&#8221; sono alcuni dei nomignoli che mettono una nota colorata e allegra nel parlare.<br \/>\nLa popolazione, che attualmente non raggiunge le 150 anime, superava i 1200 abitanti all&#8217;inizio del secolo, prima delle grandi emigrazioni verso l&#8217;Australia e l&#8217;America. Sfruttava intensamente il suolo, riuscendo addirittura ad esportare parte della produzione di olio e di capperi. Un&#8217;opera impressionante di terrazzamenti con muri a secco e una rete di mulattiere e scalinate testimoniano tuttora l&#8217;attivit\u00e0 e l&#8217;organizzazione di questa piccola comunit\u00e0 essenzialmente contadina, i cui insediamenti principali erano siti in montagna, nelle vicinanze delle zone coltivate. Come nelle altre isole, la maggiore difficolt\u00e0 nello sviluppo dell&#8217;agricoltura era legato alla mancanza di sorgenti. Il problema dell&#8217;acqua, esclusivamente piovana, era stato risolto grazie ad un sistema molto elaborato di raccolta delle acque e di cisterne: ogni casa ha ancora la propria, spesso anche pi\u00f9 di una. Se ne possono trovare alcune, dislocate nei campi, che erano alimentate dai pochi torrenti che si formano durante le piogge.<br \/>\nGli abitanti detti &#8220;arcudari&#8221; sono noti per la loro forza fisica, &#8220;colossi&#8221; gentili dediti alla pesca e all&#8217;agricoltura che oggi hanno un po&#8217; tralasciata, come mostrano i terrazzamenti incolti invasi dalla macchia mediterranea, per dedicarsi ai turisti che sempre pi\u00f9 numerosi scelgono questo luogo da eremiti.<\/p>\n<h2>Il paese<\/h2>\n<p>Alicudi, l&#8217;isola pi\u00f9 solitaria delle Eolie, sembra persa nel tempo e conserva ancora tutto il suo fascino naturale. Chi arriva ad Alicudi si immerge in una dimensione di vita ormai sconosciuta: la risacca del mare e lo stormire del vento sono gli unici suoni. Ad Alicudi mancano del tutto viottoli e vie rotabili: le sue \u00e2\u20ac\u0153strade\u00e2\u20ac\u009d sono delle scalinate in pietra lavica locale che si inerpicano ovunque e collegano tutte le case esistenti, percorribili solo a piedi e dall&#8217;unico mezzo di trasporto dell&#8217;isola, gli asini, che sopportano il peso di merci e bagagli. Niente locali rumorosi n\u00e9 boutiques, solo pochi negozi essenziali, un luogo incantevole dove rifugiarsi e assaporare una vacanza diversa. E&#8217; pittoresco questo paesino dalle case bianche che si inerpica, terrazzamento dopo terrazzamento, sulle ripide e aguzze pendici del vulcano, immerso tra piante di erica, canne, fichi d&#8217;India, piante di capperi e buganvillee, fino alla Chiesa di San Bartolomeo, 400 mt s.l.m., unico monumento di rilievo, ricostruita nel 1821 sugli intatti resti della seicentesca sacrestia. Anche qui, nel grande terrazzo, sul retro, vi \u00e8 una grande cisterna per la raccolta dell&#8217;acqua piovana. Oltre la Chiesa, una scalinata grandiosa conduce a quota 500 mt, al villaggio oggi abbandonato e in rovina di Montagna, antico insediamento di Alicudi edificato in alto per meglio difendersi dai corsari. Pittoresco agglomerato \u00e8 la Tonna, rannicchiato al riparo di una panoramica vallata.<\/p>\n<h2>I rifriscaturi<\/h2>\n<p>Una particolarit\u00e0 unica \u00e8 la presenza dei &#8220;rifriscaturi&#8221;, soffioni freddi emessi da cavit\u00e0 sotterranee, anticamente utilizzati dagli abitanti dell&#8217;isola come frigoriferi naturali per conservare cibi o raffreddare bevande.<\/p>\n<h2>Da fare e vedere ad Alicudi<\/h2>\n<p>\u2022 Escursione al Filo dell&#8217;Arpa o Timpone della Montagnola (mt 662)<br \/>\n\u2022 Giro dell&#8217;isola in barca<\/p>\n","protected":false},"excerpt":{"rendered":"<p>Alicudi, superficie km 5,2, \u00e8 l&#8217;antica Ericusa, nome dovuto alle boscaglie di eriche di cui \u00e8 ammantata ancora oggi buona parte dell&#8217;isola. Cenni fisici L&#8217;isola di Alicudi \u00e8 costituita da un vulcano a strato complesso, coperto nella parte sud occidentale da alcuni vulcanelli con cupole di ristagno. Alicudi ha forma subconica culminante col Filo dell&#8217;Arpa [&hellip;]<\/p>\n","protected":false},"author":1,"featured_media":0,"parent":5975,"menu_order":0,"comment_status":"closed","ping_status":"closed","template":"info_template.php","meta":{"_joinchat":[],"footnotes":""},"class_list":["post-5999","page","type-page","status-publish","hentry"],"yoast_head":"<!-- This site is optimized with the Yoast SEO plugin v25.8 - https:\/\/yoast.com\/wordpress\/plugins\/seo\/ -->\n<title>Information on the island of Alicudi \u2013 nature and tradition, immersions and geology<\/title>\n<meta name=\"description\" content=\"Information on the island of Alicudi, Aeolian Islands, savage and uncontaminated, house on peaks over the sea, panoramic and suggestive terraces.\" \/>\n<meta name=\"robots\" content=\"index, follow, max-snippet:-1, max-image-preview:large, max-video-preview:-1\" \/>\n<link rel=\"canonical\" href=\"https:\/\/www.eoliehouses.it\/en\/history-of-the-aeolian-islands\/alicudi\/\" \/>\n<meta property=\"og:locale\" content=\"en_US\" \/>\n<meta property=\"og:type\" content=\"article\" \/>\n<meta property=\"og:title\" content=\"Information on the island of Alicudi \u2013 nature and tradition, immersions and geology\" \/>\n<meta property=\"og:description\" content=\"Information on the island of Alicudi, Aeolian Islands, savage and uncontaminated, house on peaks over the sea, panoramic and suggestive terraces.\" \/>\n<meta property=\"og:url\" content=\"https:\/\/www.eoliehouses.it\/en\/history-of-the-aeolian-islands\/alicudi\/\" \/>\n<meta property=\"og:site_name\" content=\"Case vacanze ~ appartamenti in affitto e immobili in vendita alle Isole Eolie e in Sicilia\" \/>\n<meta property=\"article:modified_time\" content=\"2020-03-23T17:31:16+00:00\" \/>\n<meta name=\"twitter:card\" content=\"summary_large_image\" \/>\n<meta name=\"twitter:label1\" content=\"Est. reading time\" \/>\n\t<meta name=\"twitter:data1\" content=\"4 minutes\" \/>\n<script type=\"application\/ld+json\" class=\"yoast-schema-graph\">{\"@context\":\"https:\/\/schema.org\",\"@graph\":[{\"@type\":\"WebPage\",\"@id\":\"https:\/\/www.eoliehouses.it\/en\/history-of-the-aeolian-islands\/alicudi\/\",\"url\":\"https:\/\/www.eoliehouses.it\/en\/history-of-the-aeolian-islands\/alicudi\/\",\"name\":\"Information on the island of Alicudi \u2013 nature and tradition, immersions and geology\",\"isPartOf\":{\"@id\":\"https:\/\/www.eoliehouses.it\/en\/#website\"},\"datePublished\":\"2019-12-27T07:39:21+00:00\",\"dateModified\":\"2020-03-23T17:31:16+00:00\",\"description\":\"Information on the island of Alicudi, Aeolian Islands, savage and uncontaminated, house on peaks over the sea, panoramic and suggestive terraces.\",\"breadcrumb\":{\"@id\":\"https:\/\/www.eoliehouses.it\/en\/history-of-the-aeolian-islands\/alicudi\/#breadcrumb\"},\"inLanguage\":\"en-US\",\"potentialAction\":[{\"@type\":\"ReadAction\",\"target\":[\"https:\/\/www.eoliehouses.it\/en\/history-of-the-aeolian-islands\/alicudi\/\"]}]},{\"@type\":\"BreadcrumbList\",\"@id\":\"https:\/\/www.eoliehouses.it\/en\/history-of-the-aeolian-islands\/alicudi\/#breadcrumb\",\"itemListElement\":[{\"@type\":\"ListItem\",\"position\":1,\"name\":\"Home\",\"item\":\"https:\/\/www.eoliehouses.it\/en\/\"},{\"@type\":\"ListItem\",\"position\":2,\"name\":\"History of the Aeolian Islands\",\"item\":\"https:\/\/www.eoliehouses.it\/en\/history-of-the-aeolian-islands\/\"},{\"@type\":\"ListItem\",\"position\":3,\"name\":\"Alicudi Island\"}]},{\"@type\":\"WebSite\",\"@id\":\"https:\/\/www.eoliehouses.it\/en\/#website\",\"url\":\"https:\/\/www.eoliehouses.it\/en\/\",\"name\":\"Case vacanze ~ appartamenti in affitto e immobili in vendita alle Isole Eolie e in Sicilia\",\"description\":\"Un nuovo sito targato WordPress\",\"potentialAction\":[{\"@type\":\"SearchAction\",\"target\":{\"@type\":\"EntryPoint\",\"urlTemplate\":\"https:\/\/www.eoliehouses.it\/en\/?s={search_term_string}\"},\"query-input\":{\"@type\":\"PropertyValueSpecification\",\"valueRequired\":true,\"valueName\":\"search_term_string\"}}],\"inLanguage\":\"en-US\"}]}<\/script>\n<!-- \/ Yoast SEO plugin. -->","yoast_head_json":{"title":"Information on the island of Alicudi \u2013 nature and tradition, immersions and geology","description":"Information on the island of Alicudi, Aeolian Islands, savage and uncontaminated, house on peaks over the sea, panoramic and suggestive terraces.","robots":{"index":"index","follow":"follow","max-snippet":"max-snippet:-1","max-image-preview":"max-image-preview:large","max-video-preview":"max-video-preview:-1"},"canonical":"https:\/\/www.eoliehouses.it\/en\/history-of-the-aeolian-islands\/alicudi\/","og_locale":"en_US","og_type":"article","og_title":"Information on the island of Alicudi \u2013 nature and tradition, immersions and geology","og_description":"Information on the island of Alicudi, Aeolian Islands, savage and uncontaminated, house on peaks over the sea, panoramic and suggestive terraces.","og_url":"https:\/\/www.eoliehouses.it\/en\/history-of-the-aeolian-islands\/alicudi\/","og_site_name":"Case vacanze ~ appartamenti in affitto e immobili in vendita alle Isole Eolie e in Sicilia","article_modified_time":"2020-03-23T17:31:16+00:00","twitter_card":"summary_large_image","twitter_misc":{"Est. reading time":"4 minutes"},"schema":{"@context":"https:\/\/schema.org","@graph":[{"@type":"WebPage","@id":"https:\/\/www.eoliehouses.it\/en\/history-of-the-aeolian-islands\/alicudi\/","url":"https:\/\/www.eoliehouses.it\/en\/history-of-the-aeolian-islands\/alicudi\/","name":"Information on the island of Alicudi \u2013 nature and tradition, immersions and geology","isPartOf":{"@id":"https:\/\/www.eoliehouses.it\/en\/#website"},"datePublished":"2019-12-27T07:39:21+00:00","dateModified":"2020-03-23T17:31:16+00:00","description":"Information on the island of Alicudi, Aeolian Islands, savage and uncontaminated, house on peaks over the sea, panoramic and suggestive terraces.","breadcrumb":{"@id":"https:\/\/www.eoliehouses.it\/en\/history-of-the-aeolian-islands\/alicudi\/#breadcrumb"},"inLanguage":"en-US","potentialAction":[{"@type":"ReadAction","target":["https:\/\/www.eoliehouses.it\/en\/history-of-the-aeolian-islands\/alicudi\/"]}]},{"@type":"BreadcrumbList","@id":"https:\/\/www.eoliehouses.it\/en\/history-of-the-aeolian-islands\/alicudi\/#breadcrumb","itemListElement":[{"@type":"ListItem","position":1,"name":"Home","item":"https:\/\/www.eoliehouses.it\/en\/"},{"@type":"ListItem","position":2,"name":"History of the Aeolian Islands","item":"https:\/\/www.eoliehouses.it\/en\/history-of-the-aeolian-islands\/"},{"@type":"ListItem","position":3,"name":"Alicudi Island"}]},{"@type":"WebSite","@id":"https:\/\/www.eoliehouses.it\/en\/#website","url":"https:\/\/www.eoliehouses.it\/en\/","name":"Case vacanze ~ appartamenti in affitto e immobili in vendita alle Isole Eolie e in Sicilia","description":"Un nuovo sito targato WordPress","potentialAction":[{"@type":"SearchAction","target":{"@type":"EntryPoint","urlTemplate":"https:\/\/www.eoliehouses.it\/en\/?s={search_term_string}"},"query-input":{"@type":"PropertyValueSpecification","valueRequired":true,"valueName":"search_term_string"}}],"inLanguage":"en-US"}]}},"_links":{"self":[{"href":"https:\/\/www.eoliehouses.it\/en\/wp-json\/wp\/v2\/pages\/5999","targetHints":{"allow":["GET"]}}],"collection":[{"href":"https:\/\/www.eoliehouses.it\/en\/wp-json\/wp\/v2\/pages"}],"about":[{"href":"https:\/\/www.eoliehouses.it\/en\/wp-json\/wp\/v2\/types\/page"}],"author":[{"embeddable":true,"href":"https:\/\/www.eoliehouses.it\/en\/wp-json\/wp\/v2\/users\/1"}],"replies":[{"embeddable":true,"href":"https:\/\/www.eoliehouses.it\/en\/wp-json\/wp\/v2\/comments?post=5999"}],"version-history":[{"count":3,"href":"https:\/\/www.eoliehouses.it\/en\/wp-json\/wp\/v2\/pages\/5999\/revisions"}],"predecessor-version":[{"id":8460,"href":"https:\/\/www.eoliehouses.it\/en\/wp-json\/wp\/v2\/pages\/5999\/revisions\/8460"}],"up":[{"embeddable":true,"href":"https:\/\/www.eoliehouses.it\/en\/wp-json\/wp\/v2\/pages\/5975"}],"wp:attachment":[{"href":"https:\/\/www.eoliehouses.it\/en\/wp-json\/wp\/v2\/media?parent=5999"}],"curies":[{"name":"wp","href":"https:\/\/api.w.org\/{rel}","templated":true}]}}