{"id":5995,"date":"2019-12-27T08:41:06","date_gmt":"2019-12-27T07:41:06","guid":{"rendered":"https:\/\/www.eoliehouses.it\/storia-delle-isole-eolie\/filicudi\/"},"modified":"2020-03-23T19:21:33","modified_gmt":"2020-03-23T18:21:33","slug":"storia-filicudi","status":"publish","type":"page","link":"https:\/\/www.eoliehouses.it\/en\/history-of-the-aeolian-islands\/storia-filicudi\/","title":{"rendered":"Filicudi Island"},"content":{"rendered":"<p>L&#8217;isola di Filicudi, l&#8217;antica Phoenicusa, deve il suo nome alla sua vegetazione di felci, molto abbondante soprattutto nell&#8217;antichit\u00e0. Filicudi, km 9,5 di forma leggermente ovale, con a sud est l&#8217;appendice della penisola di Capo Graziano che forma un promontorio, risulta costituita dai prodotti di sei centri eruttivi riconoscibili: l&#8217;edificio pi\u00f9 esteso e pi\u00f9 antico \u00e8 quello di Fossa delle Felci, il pi\u00f9 recente la Montagnola. Le pendici e le falde dell&#8217;isola sono per lo pi\u00f9 ripide e rocciose.<\/p>\n<h2>Le coste, con la Grotta del bue Marino e la Canna<\/h2>\n<p>Le coste di Filicudi si fanno ammirare per la loro bellezza e variet\u00e0: declivi digradanti verso il mare formati da terrazze rivestite di boschi di ginestre, strette valli, dirupate scogliere, coste ora severe ora ridenti, profonde grotte come quella del Maccatore, di San Bartolomeo, del Perciato, e la pi\u00f9 famosa del Bue Marino. Questa grotta si presenta con un&#8217;entrata a ogiva, con un caratteristico atrio e una cavit\u00e0 molto ampia: i giochi di luce e di ombre vi producono fenomeni di rifrazione particolarmente suggestivi e la sua atmosfera mistica contribuiscono a farne uno degli angoli pi\u00f9 incantati del regno di Eolo. La grotta del Bue Marino, cos\u00ec chiamata dai vecchi pescatori perch\u00e9 qui forse trovava rifugio la foca monaca, \u00e8 larga mt 30 con una volta di mt 20. Il mare nel tempo ha formato sul fondo una spiaggetta e l&#8217;ampiezza e la profondit\u00e0 consentono anche alle imbarcazioni di potervi entrare. Nel versante occidentale dell&#8217;isola si profilano gli scogli di Montenassari, del Mitra, del Notaro e il pi\u00f9 famoso detto la Canna, alto 71 metri, una nera lama infissa in un mare blu, faraglione di basalto circondato da acque cristalline. Questi scogli, con la loro solennit\u00e0 conferiscono al panorama un tono di austera bellezza e offrono agli appassionati splendidi fondali. Un tempo nei pressi della Canna veniva praticata la pesca del corallo e delle spugne. Il mare circostante l&#8217;isola di Filicudi \u00e8 ricco di fauna ittica. Le spiagge di Filicudi sono di ciottoli arrotondati: raggiungibile a piedi dal porto, quella de Le Punte, oppure Pecorini Mare o la spiaggia del Porto.<\/p>\n<h2>Cenni archeologici<\/h2>\n<p>Dal punto di vista paletnologico \u00e8 molto interessante la penisola di Capo Graziano in quanto sede di vasti abitati preistorici risalenti all&#8217;et\u00e0 del bronzo. Gli scavi hanno messo in luce una ventina di capanne ovali su una terrazza a quota 100 mt. Capo Graziano ha dato il nome alla cultura eoliana di quel periodo. Un pi\u00f9 antico abitato si estende in localit\u00e0 Filo di Braccio, sul Piano del Porto, sulla costa meridionale dell&#8217;istmo che congiunge la Montagnola a Capo Graziano. Probabilmente l&#8217;abitato si estendeva dalla Montagnola agli altipiani intorno e si \u00e8 poi spostato sul promontorio di Capo Graziano, una fortezza naturale, meglio difendibile in seguito al venir meno di condizioni di sicurezza e tranquillit\u00e0. Nel tratto di mare intorno al promontorio di Capo Graziano vi \u00e8 un divieto di immersione, essendo questa una zona archeologica sottomarina. A causa di una secca a mt 400 ad Est, si sono verificati nel corso dei millenni diversi naufragi e sul fondo giacciono i resti dei carichi di alcune navi. Nelle capanne della Montagnola sono state trovate ceramiche di produzione locale e numerosi frammenti di ceramiche micenee e cicladiche attestanti rapporti commerciali con l&#8217;Egeo fra il 1500 e il 1300 a.c. Le capanne di questo abitato mostrano di essere state pi\u00f9 volte ricostruite. Il villaggio ha probabilmente cessato di esistere in seguito ad una violenta distruzione nel corso del XIII sec. a.C. Sulle scoscese pendici della Montagnola, entro anfratti naturali, erano alcune sepolture. Sulle sua vetta, sopra Pecorini porto, vi \u00e8 un grande masso con una iscrizione greca.<\/p>\n<h2>I borghi<\/h2>\n<p>A Filicudi non vi \u00e8 un unico abitato, ma tanti piccoli nuclei di case con denominazioni diverse. I pi\u00f9 grossi agglomerati sono: Pecorini Mare, uno dei due porti dell&#8217;isola, affascinante borgo di pescatori, con la spiaggia, una graziosa piazzetta e tipici ristoranti e negozi; Valdichiesa, dove sorge l&#8217;ottocentesca chiesa di Santo Stefano; Filicudi Porto, molto animata soprattutto nei periodi estivi,dove si concentrano buona parte dei servizi e delle attivit\u00e0 dell&#8217;isola. Altre frazioni sono Rocca di Ciaule, Liscio, Portella, Canale, Pecorini Alto, Stimpagnato. Raggiungibile solo a piedi, il villaggio abbandonato di Zucco Grande, che un tempo ospitava 300 persone. La quasi totalit\u00e0 delle case \u00e8 crollata ed \u00e8 sommersa dalla vegetazione e domina il silenzio assoluto con lo sguardo che si perde nel blu del cielo e del mare. Poco pi\u00f9 avanti l&#8217;unica &#8220;sorgente&#8221; dell&#8217;isola, la &#8220;fontanedda&#8221;, o meglio lo stillicidio, vista la scarsa portata d&#8217;acqua. Famose alcune grotte in localit\u00e0 Serro, adattate a case d&#8217;abitazione.<\/p>\n<h2>I sentieri<\/h2>\n<p>Oltre al tracciato asfaltato, tutta l&#8217;isola \u00e8 percorsa da innumerevoli antichi sentieri, non tutti oggi praticabili, che si snodano tra arbusti di lentischi, ginestre, stramonio ed ulivi: la primavera a Filicudi \u00e8 un&#8217;esplosione di fiori dai mille colori. Sentieri e terrazzamenti, realizzati nel corso dei secoli per consentire la coltivazione dei terreni, sono un meraviglioso ed imponente esempio del lavoro dell&#8217;uomo. In terra battuta o lastricati in pietra, i sentieri hanno una larghezza di circa un metro, in modo da far passare gli asini, ormai oggi quasi inesistenti. Capperi e vigneti, ulivi e carrubi caratterizzano il forte paesaggio dominato dalle rocce rosse di diverso aspetto, segnate dal tempo e dalle tempeste. Rilievi e valloni creano un paesaggio non uniforme. La macchia mediterranea, particolarmente folta nel versante nord, copre l&#8217;isola di Filicudi per intero. Le coste scendono dolcemente, creando nel mare una variet\u00e0 di colori che va dal verde, al blu e al violetto. Il clima, la luce abbagliante, la dolce violenza della natura mediterranea, il profumo della sua macchia ed il silenzio rendono quest&#8217;isola unica. Ancora oggi Filicudi \u00e8 sentita come isola remota, anche dagli abitanti di Lipari. In effetti, ci\u00f2 che la fa sentire lontana non \u00e8 tanto la distanza ma qualcosa di pi\u00f9 profondo: \u00e8 una distanza nel tempo, nel modo di essere dell&#8217;isola e della sua gente, \u00e8 lontananza dal mondo comune. Chi vuole sentire e godere veramente della sua peculiarit\u00e0 deve visitarne con calma l&#8217;interno, nei periodi dell&#8217;anno da aprile a giugno e da settembre a novembre, quando finisce la confusione balneare. E&#8217; emozionante camminare lungo i sentieri interni, nel silenzio pi\u00f9 assoluto, accompagnati dal vento; \u00e8 impressionante camminare al di sotto o al di sopra delle possenti mura dei terrazzamenti che sembrano esistere in miracoloso equilibrio; \u00e8 gioiosa la cordialit\u00e0 della gente che vi saluta con allegria e gentilezza, sempre pronta ad aiutarvi in qualsiasi situazione; \u00e8 meraviglioso il cielo a Filicudi, dove non vi \u00e8 illuminazione stradale e le stelle non sono mortificate e offuscate. Ci auguriamo che possa resistere ancora e sempre cos\u00ec com&#8217;\u00e8, aspra e selvaggia: \u00e8 proprio per questo che si viene a Filicudi.<\/p>\n<h2>Da fare e vedere a Filicudi<\/h2>\n<p>\u2022 Escursioni di trekking alla Fossa delle Felci (mt 774) e negli altri sentieri che collegano le varie localit\u00e0 dell&#8217;isola di Filicudi<br \/>\n\u2022 Passeggiata al villaggio abbandonato di Zucco Grande<br \/>\n\u2022 Visita ai resti archeologici del villaggio preistorico di Capo Graziano<br \/>\n\u2022 Gita in barca per ammirare la Grotta del Bue Marino e il faraglione &#8220;la Canna&#8221;<\/p>\n","protected":false},"excerpt":{"rendered":"<p>L&#8217;isola di Filicudi, l&#8217;antica Phoenicusa, deve il suo nome alla sua vegetazione di felci, molto abbondante soprattutto nell&#8217;antichit\u00e0. Filicudi, km 9,5 di forma leggermente ovale, con a sud est l&#8217;appendice della penisola di Capo Graziano che forma un promontorio, risulta costituita dai prodotti di sei centri eruttivi riconoscibili: l&#8217;edificio pi\u00f9 esteso e pi\u00f9 antico \u00e8 [&hellip;]<\/p>\n","protected":false},"author":1,"featured_media":0,"parent":5975,"menu_order":0,"comment_status":"closed","ping_status":"closed","template":"info_template.php","meta":{"_joinchat":[],"footnotes":""},"class_list":["post-5995","page","type-page","status-publish","hentry"],"yoast_head":"<!-- This site is optimized with the Yoast SEO plugin v25.8 - https:\/\/yoast.com\/wordpress\/plugins\/seo\/ -->\n<title>Information on the island of Filicudi \u2013 geology and archaeology \u2013 tradition and immersions<\/title>\n<meta name=\"description\" content=\"Information on the island of Filicudi, Aeolian Islands, the rocky coastline, Ithe villages , the trails, the archaeology, immersions , the typical panoramic aeolian houses.\" \/>\n<meta name=\"robots\" content=\"index, follow, max-snippet:-1, max-image-preview:large, max-video-preview:-1\" \/>\n<link rel=\"canonical\" href=\"https:\/\/www.eoliehouses.it\/en\/history-of-the-aeolian-islands\/storia-filicudi\/\" \/>\n<meta property=\"og:locale\" content=\"en_US\" \/>\n<meta property=\"og:type\" content=\"article\" \/>\n<meta property=\"og:title\" content=\"Information on the island of Filicudi \u2013 geology and archaeology \u2013 tradition and immersions\" \/>\n<meta property=\"og:description\" content=\"Information on the island of Filicudi, Aeolian Islands, the rocky coastline, Ithe villages , the trails, the archaeology, immersions , the typical panoramic aeolian houses.\" \/>\n<meta property=\"og:url\" content=\"https:\/\/www.eoliehouses.it\/en\/history-of-the-aeolian-islands\/storia-filicudi\/\" \/>\n<meta property=\"og:site_name\" content=\"Case vacanze ~ appartamenti in affitto e immobili in vendita alle Isole Eolie e in Sicilia\" \/>\n<meta property=\"article:modified_time\" content=\"2020-03-23T18:21:33+00:00\" \/>\n<meta name=\"twitter:card\" content=\"summary_large_image\" \/>\n<meta name=\"twitter:label1\" content=\"Est. reading time\" \/>\n\t<meta name=\"twitter:data1\" content=\"6 minutes\" \/>\n<script type=\"application\/ld+json\" class=\"yoast-schema-graph\">{\"@context\":\"https:\/\/schema.org\",\"@graph\":[{\"@type\":\"WebPage\",\"@id\":\"https:\/\/www.eoliehouses.it\/en\/history-of-the-aeolian-islands\/storia-filicudi\/\",\"url\":\"https:\/\/www.eoliehouses.it\/en\/history-of-the-aeolian-islands\/storia-filicudi\/\",\"name\":\"Information on the island of Filicudi \u2013 geology and archaeology \u2013 tradition and immersions\",\"isPartOf\":{\"@id\":\"https:\/\/www.eoliehouses.it\/en\/#website\"},\"datePublished\":\"2019-12-27T07:41:06+00:00\",\"dateModified\":\"2020-03-23T18:21:33+00:00\",\"description\":\"Information on the island of Filicudi, Aeolian Islands, the rocky coastline, Ithe villages , the trails, the archaeology, immersions , the typical panoramic aeolian houses.\",\"breadcrumb\":{\"@id\":\"https:\/\/www.eoliehouses.it\/en\/history-of-the-aeolian-islands\/storia-filicudi\/#breadcrumb\"},\"inLanguage\":\"en-US\",\"potentialAction\":[{\"@type\":\"ReadAction\",\"target\":[\"https:\/\/www.eoliehouses.it\/en\/history-of-the-aeolian-islands\/storia-filicudi\/\"]}]},{\"@type\":\"BreadcrumbList\",\"@id\":\"https:\/\/www.eoliehouses.it\/en\/history-of-the-aeolian-islands\/storia-filicudi\/#breadcrumb\",\"itemListElement\":[{\"@type\":\"ListItem\",\"position\":1,\"name\":\"Home\",\"item\":\"https:\/\/www.eoliehouses.it\/en\/\"},{\"@type\":\"ListItem\",\"position\":2,\"name\":\"History of the Aeolian Islands\",\"item\":\"https:\/\/www.eoliehouses.it\/en\/history-of-the-aeolian-islands\/\"},{\"@type\":\"ListItem\",\"position\":3,\"name\":\"Filicudi Island\"}]},{\"@type\":\"WebSite\",\"@id\":\"https:\/\/www.eoliehouses.it\/en\/#website\",\"url\":\"https:\/\/www.eoliehouses.it\/en\/\",\"name\":\"Case vacanze ~ appartamenti in affitto e immobili in vendita alle Isole Eolie e in Sicilia\",\"description\":\"Un nuovo sito targato WordPress\",\"potentialAction\":[{\"@type\":\"SearchAction\",\"target\":{\"@type\":\"EntryPoint\",\"urlTemplate\":\"https:\/\/www.eoliehouses.it\/en\/?s={search_term_string}\"},\"query-input\":{\"@type\":\"PropertyValueSpecification\",\"valueRequired\":true,\"valueName\":\"search_term_string\"}}],\"inLanguage\":\"en-US\"}]}<\/script>\n<!-- \/ Yoast SEO plugin. -->","yoast_head_json":{"title":"Information on the island of Filicudi \u2013 geology and archaeology \u2013 tradition and immersions","description":"Information on the island of Filicudi, Aeolian Islands, the rocky coastline, Ithe villages , the trails, the archaeology, immersions , the typical panoramic aeolian houses.","robots":{"index":"index","follow":"follow","max-snippet":"max-snippet:-1","max-image-preview":"max-image-preview:large","max-video-preview":"max-video-preview:-1"},"canonical":"https:\/\/www.eoliehouses.it\/en\/history-of-the-aeolian-islands\/storia-filicudi\/","og_locale":"en_US","og_type":"article","og_title":"Information on the island of Filicudi \u2013 geology and archaeology \u2013 tradition and immersions","og_description":"Information on the island of Filicudi, Aeolian Islands, the rocky coastline, Ithe villages , the trails, the archaeology, immersions , the typical panoramic aeolian houses.","og_url":"https:\/\/www.eoliehouses.it\/en\/history-of-the-aeolian-islands\/storia-filicudi\/","og_site_name":"Case vacanze ~ appartamenti in affitto e immobili in vendita alle Isole Eolie e in Sicilia","article_modified_time":"2020-03-23T18:21:33+00:00","twitter_card":"summary_large_image","twitter_misc":{"Est. reading time":"6 minutes"},"schema":{"@context":"https:\/\/schema.org","@graph":[{"@type":"WebPage","@id":"https:\/\/www.eoliehouses.it\/en\/history-of-the-aeolian-islands\/storia-filicudi\/","url":"https:\/\/www.eoliehouses.it\/en\/history-of-the-aeolian-islands\/storia-filicudi\/","name":"Information on the island of Filicudi \u2013 geology and archaeology \u2013 tradition and immersions","isPartOf":{"@id":"https:\/\/www.eoliehouses.it\/en\/#website"},"datePublished":"2019-12-27T07:41:06+00:00","dateModified":"2020-03-23T18:21:33+00:00","description":"Information on the island of Filicudi, Aeolian Islands, the rocky coastline, Ithe villages , the trails, the archaeology, immersions , the typical panoramic aeolian houses.","breadcrumb":{"@id":"https:\/\/www.eoliehouses.it\/en\/history-of-the-aeolian-islands\/storia-filicudi\/#breadcrumb"},"inLanguage":"en-US","potentialAction":[{"@type":"ReadAction","target":["https:\/\/www.eoliehouses.it\/en\/history-of-the-aeolian-islands\/storia-filicudi\/"]}]},{"@type":"BreadcrumbList","@id":"https:\/\/www.eoliehouses.it\/en\/history-of-the-aeolian-islands\/storia-filicudi\/#breadcrumb","itemListElement":[{"@type":"ListItem","position":1,"name":"Home","item":"https:\/\/www.eoliehouses.it\/en\/"},{"@type":"ListItem","position":2,"name":"History of the Aeolian Islands","item":"https:\/\/www.eoliehouses.it\/en\/history-of-the-aeolian-islands\/"},{"@type":"ListItem","position":3,"name":"Filicudi Island"}]},{"@type":"WebSite","@id":"https:\/\/www.eoliehouses.it\/en\/#website","url":"https:\/\/www.eoliehouses.it\/en\/","name":"Case vacanze ~ appartamenti in affitto e immobili in vendita alle Isole Eolie e in Sicilia","description":"Un nuovo sito targato WordPress","potentialAction":[{"@type":"SearchAction","target":{"@type":"EntryPoint","urlTemplate":"https:\/\/www.eoliehouses.it\/en\/?s={search_term_string}"},"query-input":{"@type":"PropertyValueSpecification","valueRequired":true,"valueName":"search_term_string"}}],"inLanguage":"en-US"}]}},"_links":{"self":[{"href":"https:\/\/www.eoliehouses.it\/en\/wp-json\/wp\/v2\/pages\/5995","targetHints":{"allow":["GET"]}}],"collection":[{"href":"https:\/\/www.eoliehouses.it\/en\/wp-json\/wp\/v2\/pages"}],"about":[{"href":"https:\/\/www.eoliehouses.it\/en\/wp-json\/wp\/v2\/types\/page"}],"author":[{"embeddable":true,"href":"https:\/\/www.eoliehouses.it\/en\/wp-json\/wp\/v2\/users\/1"}],"replies":[{"embeddable":true,"href":"https:\/\/www.eoliehouses.it\/en\/wp-json\/wp\/v2\/comments?post=5995"}],"version-history":[{"count":3,"href":"https:\/\/www.eoliehouses.it\/en\/wp-json\/wp\/v2\/pages\/5995\/revisions"}],"predecessor-version":[{"id":8462,"href":"https:\/\/www.eoliehouses.it\/en\/wp-json\/wp\/v2\/pages\/5995\/revisions\/8462"}],"up":[{"embeddable":true,"href":"https:\/\/www.eoliehouses.it\/en\/wp-json\/wp\/v2\/pages\/5975"}],"wp:attachment":[{"href":"https:\/\/www.eoliehouses.it\/en\/wp-json\/wp\/v2\/media?parent=5995"}],"curies":[{"name":"wp","href":"https:\/\/api.w.org\/{rel}","templated":true}]}}